{"id":43,"date":"2013-12-16T11:27:05","date_gmt":"2013-12-16T11:27:05","guid":{"rendered":"http:\/\/www.unbegrenztev.de\/?page_id=43"},"modified":"2016-02-28T18:57:32","modified_gmt":"2016-02-28T18:57:32","slug":"uber-uns","status":"publish","type":"page","link":"https:\/\/www.unbegrenztev.de\/?page_id=43","title":{"rendered":"\u00dcber uns"},"content":{"rendered":"<p>Wir f\u00f6rdern barrierefreies Leben !<br \/>\nBei uns kann jeder mit der gleichen Idee mit machen. Gerne als Mitglied oder auch einfach als Unterst\u00fctzer.<\/p>\n<p>Um das zu verdeutlichen, haben wir uns den folgenden Zweck in die Satzung geschrieben:<\/p>\n<p>&#8220;Aufgabe und Zweck des Vereins ist die F\u00f6rderung, die Errichtung und das Betreiben aller Ma\u00dfnahmen und Einrichtungen, die ein barrierefreies Kulturleben f\u00fcr alle Menschen aller Altersstufen erm\u00f6glichen.&#8221;<\/p>\n<p>&nbsp;<\/p>\n<p><a href=\"http:\/\/www.unbegrenztev.de\/wp-content\/uploads\/2013\/12\/Bild-2.jpg\"><img decoding=\"async\" loading=\"lazy\" class=\"alignnone size-medium wp-image-111\" src=\"http:\/\/www.unbegrenztev.de\/wp-content\/uploads\/2013\/12\/Bild-2-300x199.jpg\" alt=\"Bild 2\" width=\"300\" height=\"199\" srcset=\"https:\/\/www.unbegrenztev.de\/wp-content\/uploads\/2013\/12\/Bild-2-300x199.jpg 300w, https:\/\/www.unbegrenztev.de\/wp-content\/uploads\/2013\/12\/Bild-2.jpg 1000w\" sizes=\"(max-width: 300px) 100vw, 300px\" \/><\/a><\/p>\n<p>&nbsp;<\/p>\n<p>M\u00f6chtest Du uns eine Nachricht zukommen lassen, dann gern mit diesem Formular oder direkt an info(at}unbegrenztev.de<\/p>\n<p>[contact-form to=&#8217;info@unbegrenztev.de&#8217; subject=&#8217;Nachricht \u00fcber die Vereinshomepage von unbegrenzt e.V. &#8216;][contact-field label=&#8217;Dein Name&#8217; type=&#8217;name&#8217; required=&#8217;1&#8217;\/][contact-field label=&#8217;Deine Emailadresse&#8217; type=&#8217;email&#8217; required=&#8217;1&#8217;\/][contact-field label=&#8217;evtl. Deine Website&#8217; type=&#8217;url&#8217;\/][contact-field label=&#8217;Dein Text an uns&#8217; type=&#8217;textarea&#8217; required=&#8217;1&#8217;\/][\/contact-form]<\/p>\n<p>&nbsp;<\/p>\n<p>&nbsp;<\/p>\n","protected":false},"excerpt":{"rendered":"<p>Wir f\u00f6rdern barrierefreies Leben ! Bei uns kann jeder mit der gleichen Idee mit machen. Gerne als Mitglied oder auch einfach als Unterst\u00fctzer. Um das zu verdeutlichen, haben wir uns den folgenden Zweck in die Satzung geschrieben: &#8220;Aufgabe und Zweck des Vereins ist die F\u00f6rderung, die Errichtung und das Betreiben<\/p>\n","protected":false},"author":1,"featured_media":0,"parent":0,"menu_order":0,"comment_status":"closed","ping_status":"closed","template":"","meta":{"ngg_post_thumbnail":0},"_links":{"self":[{"href":"https:\/\/www.unbegrenztev.de\/index.php?rest_route=\/wp\/v2\/pages\/43"}],"collection":[{"href":"https:\/\/www.unbegrenztev.de\/index.php?rest_route=\/wp\/v2\/pages"}],"about":[{"href":"https:\/\/www.unbegrenztev.de\/index.php?rest_route=\/wp\/v2\/types\/page"}],"author":[{"embeddable":true,"href":"https:\/\/www.unbegrenztev.de\/index.php?rest_route=\/wp\/v2\/users\/1"}],"replies":[{"embeddable":true,"href":"https:\/\/www.unbegrenztev.de\/index.php?rest_route=%2Fwp%2Fv2%2Fcomments&post=43"}],"version-history":[{"count":12,"href":"https:\/\/www.unbegrenztev.de\/index.php?rest_route=\/wp\/v2\/pages\/43\/revisions"}],"predecessor-version":[{"id":587,"href":"https:\/\/www.unbegrenztev.de\/index.php?rest_route=\/wp\/v2\/pages\/43\/revisions\/587"}],"wp:attachment":[{"href":"https:\/\/www.unbegrenztev.de\/index.php?rest_route=%2Fwp%2Fv2%2Fmedia&parent=43"}],"curies":[{"name":"wp","href":"https:\/\/api.w.org\/{rel}","templated":true}]}}